{"id":9,"date":"2023-10-19T08:04:59","date_gmt":"2023-10-19T06:04:59","guid":{"rendered":"https:\/\/les3roseaux.fr\/?page_id=9"},"modified":"2025-01-31T14:23:05","modified_gmt":"2025-01-31T13:23:05","slug":"contact","status":"publish","type":"page","link":"https:\/\/les3roseaux.fr\/index.php\/contact\/","title":{"rendered":"Contact"},"content":{"rendered":"\t\t<div data-elementor-type=\"wp-page\" data-elementor-id=\"9\" class=\"elementor elementor-9\">\n\t\t\t\t<div class=\"elementor-element elementor-element-f40f184 e-flex e-con-boxed e-con e-parent\" data-id=\"f40f184\" data-element_type=\"container\">\n\t\t\t\t\t<div class=\"e-con-inner\">\n\t\t<div class=\"elementor-element elementor-element-3000c10 e-con-full e-flex e-con e-child\" data-id=\"3000c10\" data-element_type=\"container\">\n\t\t<div class=\"elementor-element elementor-element-cf8667b e-con-full e-flex e-con e-child\" data-id=\"cf8667b\" data-element_type=\"container\">\n\t\t\t\t<div class=\"elementor-element elementor-element-1b0481f elementor-widget elementor-widget-heading\" data-id=\"1b0481f\" data-element_type=\"widget\" data-widget_type=\"heading.default\">\n\t\t\t\t<div class=\"elementor-widget-container\">\n\t\t\t\t\t<h1 class=\"elementor-heading-title elementor-size-default\">Contact<\/h1>\t\t\t\t<\/div>\n\t\t\t\t<\/div>\n\t\t\t\t<div class=\"elementor-element elementor-element-ecc739b elementor-widget elementor-widget-heading\" data-id=\"ecc739b\" data-element_type=\"widget\" data-widget_type=\"heading.default\">\n\t\t\t\t<div class=\"elementor-widget-container\">\n\t\t\t\t\t<h2 class=\"elementor-heading-title elementor-size-default\">Vous avez des questions ?<\/h2>\t\t\t\t<\/div>\n\t\t\t\t<\/div>\n\t\t\t\t<div class=\"elementor-element elementor-element-d815251 elementor-widget elementor-widget-heading\" data-id=\"d815251\" data-element_type=\"widget\" data-widget_type=\"heading.default\">\n\t\t\t\t<div class=\"elementor-widget-container\">\n\t\t\t\t\t<h2 class=\"elementor-heading-title elementor-size-default\">Vous souhaitez devenir conseiller ?<\/h2>\t\t\t\t<\/div>\n\t\t\t\t<\/div>\n\t\t\t\t<div class=\"elementor-element elementor-element-9435dba elementor-widget elementor-widget-text-editor\" data-id=\"9435dba\" data-element_type=\"widget\" data-widget_type=\"text-editor.default\">\n\t\t\t\t<div class=\"elementor-widget-container\">\n\t\t\t\t\t\t\t\t\t<p>Ce formulaire nous permet de prioriser vos demandes et de r\u00e9pondre efficacement \u00e0 toutes ces demandes.<br \/>Nous r\u00e9pondrons \u00e0 votre demande dans les plus brefs d\u00e9lais.<br \/>Votre bon de commande ainsi que le paiement s&rsquo;envoie \u00e0 l&rsquo;adresse postale :<br \/>Les 3 Roseaux, BP 17, 86281 ST BENOIT CEDEX<\/p>\t\t\t\t\t\t\t\t<\/div>\n\t\t\t\t<\/div>\n\t\t\t\t<\/div>\n\t\t<div class=\"elementor-element elementor-element-c6a3fbf e-con-full e-flex e-con e-child\" data-id=\"c6a3fbf\" data-element_type=\"container\" data-settings=\"{&quot;background_background&quot;:&quot;classic&quot;}\">\n\t\t\t\t<\/div>\n\t\t\t\t<\/div>\n\t\t\t\t\t<\/div>\n\t\t\t\t<\/div>\n\t\t<div class=\"elementor-element elementor-element-6559ce3 e-flex e-con-boxed e-con e-parent\" data-id=\"6559ce3\" data-element_type=\"container\">\n\t\t\t\t\t<div class=\"e-con-inner\">\n\t\t<div class=\"elementor-element elementor-element-451ea63 e-con-full e-flex e-con e-child\" data-id=\"451ea63\" data-element_type=\"container\">\n\t\t<div class=\"elementor-element elementor-element-cd5f782 e-con-full e-flex e-con e-child\" data-id=\"cd5f782\" data-element_type=\"container\">\n\t\t\t\t<div class=\"elementor-element elementor-element-c407d70 elementor-widget__width-initial elementor-widget elementor-widget-wpforms\" data-id=\"c407d70\" data-element_type=\"widget\" data-widget_type=\"wpforms.default\">\n\t\t\t\t<div class=\"elementor-widget-container\">\n\t\t\t\t\t<style id=\"wpforms-css-vars-elementor-widget-c407d70\">\n\t\t\t\t.elementor-widget-wpforms.elementor-element-c407d70 {\n\t\t\t\t--wpforms-field-text-color: #9B9B9B;\n--wpforms-button-border-radius: 14px;\n--wpforms-button-background-color: #FB8500;\n--wpforms-field-background-color: #ECECEC;\n--wpforms-field-border-color: #FFFFFF;\n--wpforms-field-border-color-spare: #FFFFFF;\n--wpforms-label-color: #023047;\n--wpforms-label-sublabel-color: #7575758C;\n--wpforms-field-size-input-height: 31px;\n--wpforms-field-size-input-spacing: 10px;\n--wpforms-field-size-font-size: 14px;\n--wpforms-field-size-line-height: 17px;\n--wpforms-field-size-padding-h: 9px;\n--wpforms-field-size-checkbox-size: 14px;\n--wpforms-field-size-sublabel-spacing: 5px;\n--wpforms-field-size-icon-size: 0.75;\n\t\t\t}\n\t\t\t<\/style><div class=\"wpforms-container wpforms-container-full wpforms-render-modern\" id=\"wpforms-48\"><form id=\"wpforms-form-48\" class=\"wpforms-validate wpforms-form wpforms-ajax-form\" data-formid=\"48\" method=\"post\" enctype=\"multipart\/form-data\" action=\"\/index.php\/wp-json\/wp\/v2\/pages\/9\" data-token=\"bf80892cd098d7d3b684606b0bbb6ec8\" data-token-time=\"1775460694\"><div class=\"wpforms-head-container\"><div class=\"wpforms-title\">Contactez nous pour en savoir plus !<\/div><\/div><noscript class=\"wpforms-error-noscript\">Veuillez activer JavaScript dans votre navigateur pour remplir ce formulaire.<\/noscript><div id=\"wpforms-error-noscript\" style=\"display: none;\">Veuillez activer JavaScript dans votre navigateur pour remplir ce formulaire.<\/div><div class=\"wpforms-field-container\"><div id=\"wpforms-48-field_0-container\" class=\"wpforms-field wpforms-field-name\" data-field-id=\"0\"><fieldset><legend class=\"wpforms-field-label\">Nom <span class=\"wpforms-required-label\" aria-hidden=\"true\">*<\/span><\/legend><div class=\"wpforms-field-row wpforms-field-medium\"><div class=\"wpforms-field-row-block wpforms-first wpforms-one-half\"><input type=\"text\" id=\"wpforms-48-field_0\" class=\"wpforms-field-name-first wpforms-field-required\" name=\"wpforms[fields][0][first]\" aria-errormessage=\"wpforms-48-field_0-error\" required><label for=\"wpforms-48-field_0\" class=\"wpforms-field-sublabel after\">Pr\u00e9nom<\/label><\/div><div class=\"wpforms-field-row-block wpforms-one-half\"><input type=\"text\" id=\"wpforms-48-field_0-last\" class=\"wpforms-field-name-last wpforms-field-required\" name=\"wpforms[fields][0][last]\" aria-errormessage=\"wpforms-48-field_0-last-error\" required><label for=\"wpforms-48-field_0-last\" class=\"wpforms-field-sublabel after\">Nom<\/label><\/div><\/div><\/fieldset><\/div><div id=\"wpforms-48-field_1-container\" class=\"wpforms-field wpforms-field-email\" data-field-id=\"1\"><label class=\"wpforms-field-label\" for=\"wpforms-48-field_1\">E-mail <span class=\"wpforms-required-label\" aria-hidden=\"true\">*<\/span><\/label><input type=\"email\" id=\"wpforms-48-field_1\" class=\"wpforms-field-medium wpforms-field-required\" name=\"wpforms[fields][1]\" spellcheck=\"false\" aria-errormessage=\"wpforms-48-field_1-error\" required><\/div><div id=\"wpforms-48-field_2-container\" class=\"wpforms-field wpforms-field-textarea\" data-field-id=\"2\"><label class=\"wpforms-field-label\" for=\"wpforms-48-field_2\">Commentaire ou message<\/label><textarea id=\"wpforms-48-field_2\" class=\"wpforms-field-medium\" name=\"wpforms[fields][2]\" aria-errormessage=\"wpforms-48-field_2-error\" ><\/textarea><\/div><\/div><!-- .wpforms-field-container --><div class=\"wpforms-submit-container\" ><input type=\"hidden\" name=\"wpforms[id]\" value=\"48\"><input type=\"hidden\" name=\"page_title\" value=\"\"><input type=\"hidden\" name=\"page_url\" value=\"https:\/\/les3roseaux.fr\/index.php\/wp-json\/wp\/v2\/pages\/9\"><input type=\"hidden\" name=\"url_referer\" value=\"\"><button type=\"submit\" name=\"wpforms[submit]\" id=\"wpforms-submit-48\" class=\"wpforms-submit\" data-alt-text=\"Envoi...\" data-submit-text=\"Envoyer\" aria-live=\"assertive\" value=\"wpforms-submit\">Envoyer<\/button><img decoding=\"async\" src=\"https:\/\/les3roseaux.fr\/wp-content\/plugins\/wpforms-lite\/assets\/images\/submit-spin.svg\" class=\"wpforms-submit-spinner\" style=\"display: none;\" width=\"26\" height=\"26\" alt=\"Chargement en cours\"><\/div><\/form><\/div>  <!-- .wpforms-container -->\t\t\t\t<\/div>\n\t\t\t\t<\/div>\n\t\t\t\t<\/div>\n\t\t<div class=\"elementor-element elementor-element-8993b29 e-con-full e-flex e-con e-child\" data-id=\"8993b29\" data-element_type=\"container\" data-settings=\"{&quot;background_background&quot;:&quot;classic&quot;}\">\n\t\t<div class=\"elementor-element elementor-element-877dc1d e-con-full e-flex e-con e-child\" data-id=\"877dc1d\" data-element_type=\"container\" data-settings=\"{&quot;background_background&quot;:&quot;classic&quot;}\">\n\t\t\t\t<div class=\"elementor-element elementor-element-de623a5 elementor-widget elementor-widget-heading\" data-id=\"de623a5\" data-element_type=\"widget\" data-widget_type=\"heading.default\">\n\t\t\t\t<div class=\"elementor-widget-container\">\n\t\t\t\t\t<h2 class=\"elementor-heading-title elementor-size-default\">T\u00e9l\u00e9charger le bon de commande<\/h2>\t\t\t\t<\/div>\n\t\t\t\t<\/div>\n\t\t\t\t<div class=\"elementor-element elementor-element-1f7a6fd elementor-align-center elementor-widget elementor-widget-button\" data-id=\"1f7a6fd\" data-element_type=\"widget\" data-widget_type=\"button.default\">\n\t\t\t\t<div class=\"elementor-widget-container\">\n\t\t\t\t\t\t\t\t\t<div class=\"elementor-button-wrapper\">\n\t\t\t\t\t<a class=\"elementor-button elementor-button-link elementor-size-sm elementor-animation-grow\" href=\"https:\/\/les3roseaux.fr\/wp-content\/uploads\/2025\/01\/BDC-les-3-roseaux-31-01-25.pdf\" download=\"\">\n\t\t\t\t\t\t<span class=\"elementor-button-content-wrapper\">\n\t\t\t\t\t\t\t\t\t<span class=\"elementor-button-text\">T\u00e9l\u00e9charger<\/span>\n\t\t\t\t\t<\/span>\n\t\t\t\t\t<\/a>\n\t\t\t\t<\/div>\n\t\t\t\t\t\t\t\t<\/div>\n\t\t\t\t<\/div>\n\t\t\t\t<\/div>\n\t\t\t\t<\/div>\n\t\t\t\t<\/div>\n\t\t\t\t\t<\/div>\n\t\t\t\t<\/div>\n\t\t<div class=\"elementor-element elementor-element-8ee8ea7 elementor-hidden-desktop elementor-hidden-tablet e-flex e-con-boxed e-con e-parent\" data-id=\"8ee8ea7\" data-element_type=\"container\">\n\t\t\t\t\t<div class=\"e-con-inner\">\n\t\t\t\t<div class=\"elementor-element elementor-element-30d09d3 elementor-widget elementor-widget-spacer\" data-id=\"30d09d3\" data-element_type=\"widget\" data-widget_type=\"spacer.default\">\n\t\t\t\t<div class=\"elementor-widget-container\">\n\t\t\t\t\t\t\t<div class=\"elementor-spacer\">\n\t\t\t<div class=\"elementor-spacer-inner\"><\/div>\n\t\t<\/div>\n\t\t\t\t\t\t<\/div>\n\t\t\t\t<\/div>\n\t\t\t\t<div class=\"elementor-element elementor-element-c424cda elementor-widget elementor-widget-heading\" data-id=\"c424cda\" data-element_type=\"widget\" data-widget_type=\"heading.default\">\n\t\t\t\t<div class=\"elementor-widget-container\">\n\t\t\t\t\t<p class=\"elementor-heading-title elementor-size-default\">Vous avez des questions ?<\/p>\t\t\t\t<\/div>\n\t\t\t\t<\/div>\n\t\t\t\t<div class=\"elementor-element elementor-element-529186e elementor-widget elementor-widget-heading\" data-id=\"529186e\" data-element_type=\"widget\" data-widget_type=\"heading.default\">\n\t\t\t\t<div class=\"elementor-widget-container\">\n\t\t\t\t\t<p class=\"elementor-heading-title elementor-size-default\">Vous souhaitez devenir conseiller ?<\/p>\t\t\t\t<\/div>\n\t\t\t\t<\/div>\n\t\t\t\t<div class=\"elementor-element elementor-element-565b8df elementor-widget elementor-widget-spacer\" data-id=\"565b8df\" data-element_type=\"widget\" data-widget_type=\"spacer.default\">\n\t\t\t\t<div class=\"elementor-widget-container\">\n\t\t\t\t\t\t\t<div class=\"elementor-spacer\">\n\t\t\t<div class=\"elementor-spacer-inner\"><\/div>\n\t\t<\/div>\n\t\t\t\t\t\t<\/div>\n\t\t\t\t<\/div>\n\t\t\t\t<div class=\"elementor-element elementor-element-a54cca5 elementor-widget elementor-widget-text-editor\" data-id=\"a54cca5\" data-element_type=\"widget\" data-widget_type=\"text-editor.default\">\n\t\t\t\t<div class=\"elementor-widget-container\">\n\t\t\t\t\t\t\t\t\t<p>Ce formulaire nous permet de prioriser vos demandes et de r\u00e9pondre efficacement \u00e0 toutes ces demandes.<\/p><p>Nous r\u00e9pondrons \u00e0 votre demande dans les plus brefs d\u00e9lais.<\/p><p>Votre bon de commande ainsi que le paiement s&rsquo;envoie \u00e0 l&rsquo;adresse postale : LEs 3 ROSEAUX, BP 17, 86281 ST BENOIT CEDEX<\/p>\t\t\t\t\t\t\t\t<\/div>\n\t\t\t\t<\/div>\n\t\t\t\t\t<\/div>\n\t\t\t\t<\/div>\n\t\t<div class=\"elementor-element elementor-element-bc4fcbc elementor-hidden-desktop elementor-hidden-tablet e-flex e-con-boxed e-con e-parent\" data-id=\"bc4fcbc\" data-element_type=\"container\">\n\t\t\t\t\t<div class=\"e-con-inner\">\n\t\t<div class=\"elementor-element elementor-element-4f73106 e-con-full e-flex e-con e-child\" data-id=\"4f73106\" data-element_type=\"container\">\n\t\t\t\t<div class=\"elementor-element elementor-element-f0526e0 elementor-widget elementor-widget-wpforms\" data-id=\"f0526e0\" data-element_type=\"widget\" data-widget_type=\"wpforms.default\">\n\t\t\t\t<div class=\"elementor-widget-container\">\n\t\t\t\t\t<style id=\"wpforms-css-vars-elementor-widget-f0526e0\">\n\t\t\t\t.elementor-widget-wpforms.elementor-element-f0526e0 {\n\t\t\t\t--wpforms-field-text-color: #023047;\n--wpforms-button-border-radius: 7px;\n--wpforms-button-background-color: #FB8500;\n\t\t\t}\n\t\t\t<\/style><div class=\"wpforms-container wpforms-container-full wpforms-render-modern\" id=\"wpforms-48\"><form id=\"wpforms-form-48\" class=\"wpforms-validate wpforms-form wpforms-ajax-form\" data-formid=\"48\" method=\"post\" enctype=\"multipart\/form-data\" action=\"\/index.php\/wp-json\/wp\/v2\/pages\/9\" data-token=\"bf80892cd098d7d3b684606b0bbb6ec8\" data-token-time=\"1775460694\"><noscript class=\"wpforms-error-noscript\">Veuillez activer JavaScript dans votre navigateur pour remplir ce formulaire.<\/noscript><div id=\"wpforms-error-noscript\" style=\"display: none;\">Veuillez activer JavaScript dans votre navigateur pour remplir ce formulaire.<\/div><div class=\"wpforms-field-container\"><div id=\"wpforms-48-field_0-container\" class=\"wpforms-field wpforms-field-name\" data-field-id=\"0\"><fieldset><legend class=\"wpforms-field-label\">Nom <span class=\"wpforms-required-label\" aria-hidden=\"true\">*<\/span><\/legend><div class=\"wpforms-field-row wpforms-field-medium\"><div class=\"wpforms-field-row-block wpforms-first wpforms-one-half\"><input type=\"text\" id=\"wpforms-48-field_0\" class=\"wpforms-field-name-first wpforms-field-required\" name=\"wpforms[fields][0][first]\" aria-errormessage=\"wpforms-48-field_0-error\" required><label for=\"wpforms-48-field_0\" class=\"wpforms-field-sublabel after\">Pr\u00e9nom<\/label><\/div><div class=\"wpforms-field-row-block wpforms-one-half\"><input type=\"text\" id=\"wpforms-48-field_0-last\" class=\"wpforms-field-name-last wpforms-field-required\" name=\"wpforms[fields][0][last]\" aria-errormessage=\"wpforms-48-field_0-last-error\" required><label for=\"wpforms-48-field_0-last\" class=\"wpforms-field-sublabel after\">Nom<\/label><\/div><\/div><\/fieldset><\/div><div id=\"wpforms-48-field_1-container\" class=\"wpforms-field wpforms-field-email\" data-field-id=\"1\"><label class=\"wpforms-field-label\" for=\"wpforms-48-field_1\">E-mail <span class=\"wpforms-required-label\" aria-hidden=\"true\">*<\/span><\/label><input type=\"email\" id=\"wpforms-48-field_1\" class=\"wpforms-field-medium wpforms-field-required\" name=\"wpforms[fields][1]\" spellcheck=\"false\" aria-errormessage=\"wpforms-48-field_1-error\" required><\/div><div id=\"wpforms-48-field_2-container\" class=\"wpforms-field wpforms-field-textarea\" data-field-id=\"2\"><label class=\"wpforms-field-label\" for=\"wpforms-48-field_2\">Commentaire ou message<\/label><textarea id=\"wpforms-48-field_2\" class=\"wpforms-field-medium\" name=\"wpforms[fields][2]\" aria-errormessage=\"wpforms-48-field_2-error\" ><\/textarea><\/div><\/div><!-- .wpforms-field-container --><div class=\"wpforms-submit-container\" ><input type=\"hidden\" name=\"wpforms[id]\" value=\"48\"><input type=\"hidden\" name=\"page_title\" value=\"\"><input type=\"hidden\" name=\"page_url\" value=\"https:\/\/les3roseaux.fr\/index.php\/wp-json\/wp\/v2\/pages\/9\"><input type=\"hidden\" name=\"url_referer\" value=\"\"><button type=\"submit\" name=\"wpforms[submit]\" id=\"wpforms-submit-48\" class=\"wpforms-submit\" data-alt-text=\"Envoi...\" data-submit-text=\"Envoyer\" aria-live=\"assertive\" value=\"wpforms-submit\">Envoyer<\/button><img decoding=\"async\" src=\"https:\/\/les3roseaux.fr\/wp-content\/plugins\/wpforms-lite\/assets\/images\/submit-spin.svg\" class=\"wpforms-submit-spinner\" style=\"display: none;\" width=\"26\" height=\"26\" alt=\"Chargement en cours\"><\/div><\/form><\/div>  <!-- .wpforms-container -->\t\t\t\t<\/div>\n\t\t\t\t<\/div>\n\t\t\t\t<\/div>\n\t\t\t\t\t<\/div>\n\t\t\t\t<\/div>\n\t\t\t\t<\/div>\n\t\t","protected":false},"excerpt":{"rendered":"<p>Contact Vous avez des questions ? Vous souhaitez devenir conseiller ? Ce formulaire nous permet de prioriser vos demandes et de r\u00e9pondre efficacement \u00e0 toutes ces demandes.Nous r\u00e9pondrons \u00e0 votre demande dans les plus brefs d\u00e9lais.Votre bon de commande ainsi que le paiement s&rsquo;envoie \u00e0 l&rsquo;adresse postale :Les 3 Roseaux, BP 17, 86281 ST BENOIT&hellip;&nbsp;<a href=\"https:\/\/les3roseaux.fr\/index.php\/contact\/\" rel=\"bookmark\">Lire la suite &raquo;<span class=\"screen-reader-text\">Contact<\/span><\/a><\/p>\n","protected":false},"author":1,"featured_media":0,"parent":0,"menu_order":0,"comment_status":"closed","ping_status":"closed","template":"","meta":{"neve_meta_sidebar":"","neve_meta_container":"","neve_meta_enable_content_width":"on","neve_meta_content_width":100,"neve_meta_title_alignment":"","neve_meta_author_avatar":"","neve_post_elements_order":"","neve_meta_disable_header":"","neve_meta_disable_footer":"","neve_meta_disable_title":"on","footnotes":""},"class_list":["post-9","page","type-page","status-publish","hentry"],"yoast_head":"<!-- This site is optimized with the Yoast SEO plugin v26.4 - https:\/\/yoast.com\/wordpress\/plugins\/seo\/ -->\n<title>Contact - Les 3 Roseaux<\/title>\n<meta name=\"robots\" content=\"index, follow, max-snippet:-1, max-image-preview:large, max-video-preview:-1\" \/>\n<link rel=\"canonical\" href=\"https:\/\/les3roseaux.fr\/index.php\/contact\/\" \/>\n<meta property=\"og:locale\" content=\"fr_FR\" \/>\n<meta property=\"og:type\" content=\"article\" \/>\n<meta property=\"og:title\" content=\"Contact - Les 3 Roseaux\" \/>\n<meta property=\"og:description\" content=\"Contact Vous avez des questions ? Vous souhaitez devenir conseiller ? Ce formulaire nous permet de prioriser vos demandes et de r\u00e9pondre efficacement \u00e0 toutes ces demandes.Nous r\u00e9pondrons \u00e0 votre demande dans les plus brefs d\u00e9lais.Votre bon de commande ainsi que le paiement s&rsquo;envoie \u00e0 l&rsquo;adresse postale :Les 3 Roseaux, BP 17, 86281 ST BENOIT&hellip;&nbsp;Lire la suite &raquo;Contact\" \/>\n<meta property=\"og:url\" content=\"https:\/\/les3roseaux.fr\/index.php\/contact\/\" \/>\n<meta property=\"og:site_name\" content=\"Les 3 Roseaux\" \/>\n<meta property=\"article:modified_time\" content=\"2025-01-31T13:23:05+00:00\" \/>\n<meta property=\"og:image\" content=\"https:\/\/les3roseaux.fr\/wp-content\/plugins\/wpforms-lite\/assets\/images\/submit-spin.svg\" \/>\n<meta name=\"twitter:card\" content=\"summary_large_image\" \/>\n<meta name=\"twitter:label1\" content=\"Dur\u00e9e de lecture estim\u00e9e\" \/>\n\t<meta name=\"twitter:data1\" content=\"1 minute\" \/>\n<script type=\"application\/ld+json\" class=\"yoast-schema-graph\">{\"@context\":\"https:\/\/schema.org\",\"@graph\":[{\"@type\":\"WebPage\",\"@id\":\"https:\/\/les3roseaux.fr\/index.php\/contact\/\",\"url\":\"https:\/\/les3roseaux.fr\/index.php\/contact\/\",\"name\":\"Contact - Les 3 Roseaux\",\"isPartOf\":{\"@id\":\"https:\/\/les3roseaux.fr\/#website\"},\"primaryImageOfPage\":{\"@id\":\"https:\/\/les3roseaux.fr\/index.php\/contact\/#primaryimage\"},\"image\":{\"@id\":\"https:\/\/les3roseaux.fr\/index.php\/contact\/#primaryimage\"},\"thumbnailUrl\":\"https:\/\/les3roseaux.fr\/wp-content\/plugins\/wpforms-lite\/assets\/images\/submit-spin.svg\",\"datePublished\":\"2023-10-19T06:04:59+00:00\",\"dateModified\":\"2025-01-31T13:23:05+00:00\",\"breadcrumb\":{\"@id\":\"https:\/\/les3roseaux.fr\/index.php\/contact\/#breadcrumb\"},\"inLanguage\":\"fr-FR\",\"potentialAction\":[{\"@type\":\"ReadAction\",\"target\":[\"https:\/\/les3roseaux.fr\/index.php\/contact\/\"]}]},{\"@type\":\"ImageObject\",\"inLanguage\":\"fr-FR\",\"@id\":\"https:\/\/les3roseaux.fr\/index.php\/contact\/#primaryimage\",\"url\":\"https:\/\/les3roseaux.fr\/wp-content\/plugins\/wpforms-lite\/assets\/images\/submit-spin.svg\",\"contentUrl\":\"https:\/\/les3roseaux.fr\/wp-content\/plugins\/wpforms-lite\/assets\/images\/submit-spin.svg\"},{\"@type\":\"BreadcrumbList\",\"@id\":\"https:\/\/les3roseaux.fr\/index.php\/contact\/#breadcrumb\",\"itemListElement\":[{\"@type\":\"ListItem\",\"position\":1,\"name\":\"Accueil\",\"item\":\"https:\/\/les3roseaux.fr\/\"},{\"@type\":\"ListItem\",\"position\":2,\"name\":\"Contact\"}]},{\"@type\":\"WebSite\",\"@id\":\"https:\/\/les3roseaux.fr\/#website\",\"url\":\"https:\/\/les3roseaux.fr\/\",\"name\":\"PHYTOZENSACH\",\"description\":\"\",\"publisher\":{\"@id\":\"https:\/\/les3roseaux.fr\/#organization\"},\"potentialAction\":[{\"@type\":\"SearchAction\",\"target\":{\"@type\":\"EntryPoint\",\"urlTemplate\":\"https:\/\/les3roseaux.fr\/?s={search_term_string}\"},\"query-input\":{\"@type\":\"PropertyValueSpecification\",\"valueRequired\":true,\"valueName\":\"search_term_string\"}}],\"inLanguage\":\"fr-FR\"},{\"@type\":\"Organization\",\"@id\":\"https:\/\/les3roseaux.fr\/#organization\",\"name\":\"PHYTOZENSACH\",\"url\":\"https:\/\/les3roseaux.fr\/\",\"logo\":{\"@type\":\"ImageObject\",\"inLanguage\":\"fr-FR\",\"@id\":\"https:\/\/les3roseaux.fr\/#\/schema\/logo\/image\/\",\"url\":\"https:\/\/les3roseaux.fr\/wp-content\/uploads\/2023\/10\/cropped-logo-fond-blanc.png\",\"contentUrl\":\"https:\/\/les3roseaux.fr\/wp-content\/uploads\/2023\/10\/cropped-logo-fond-blanc.png\",\"width\":512,\"height\":512,\"caption\":\"PHYTOZENSACH\"},\"image\":{\"@id\":\"https:\/\/les3roseaux.fr\/#\/schema\/logo\/image\/\"}}]}<\/script>\n<!-- \/ Yoast SEO plugin. -->","yoast_head_json":{"title":"Contact - Les 3 Roseaux","robots":{"index":"index","follow":"follow","max-snippet":"max-snippet:-1","max-image-preview":"max-image-preview:large","max-video-preview":"max-video-preview:-1"},"canonical":"https:\/\/les3roseaux.fr\/index.php\/contact\/","og_locale":"fr_FR","og_type":"article","og_title":"Contact - Les 3 Roseaux","og_description":"Contact Vous avez des questions ? Vous souhaitez devenir conseiller ? Ce formulaire nous permet de prioriser vos demandes et de r\u00e9pondre efficacement \u00e0 toutes ces demandes.Nous r\u00e9pondrons \u00e0 votre demande dans les plus brefs d\u00e9lais.Votre bon de commande ainsi que le paiement s&rsquo;envoie \u00e0 l&rsquo;adresse postale :Les 3 Roseaux, BP 17, 86281 ST BENOIT&hellip;&nbsp;Lire la suite &raquo;Contact","og_url":"https:\/\/les3roseaux.fr\/index.php\/contact\/","og_site_name":"Les 3 Roseaux","article_modified_time":"2025-01-31T13:23:05+00:00","og_image":[{"url":"https:\/\/les3roseaux.fr\/wp-content\/plugins\/wpforms-lite\/assets\/images\/submit-spin.svg","type":"","width":"","height":""}],"twitter_card":"summary_large_image","twitter_misc":{"Dur\u00e9e de lecture estim\u00e9e":"1 minute"},"schema":{"@context":"https:\/\/schema.org","@graph":[{"@type":"WebPage","@id":"https:\/\/les3roseaux.fr\/index.php\/contact\/","url":"https:\/\/les3roseaux.fr\/index.php\/contact\/","name":"Contact - Les 3 Roseaux","isPartOf":{"@id":"https:\/\/les3roseaux.fr\/#website"},"primaryImageOfPage":{"@id":"https:\/\/les3roseaux.fr\/index.php\/contact\/#primaryimage"},"image":{"@id":"https:\/\/les3roseaux.fr\/index.php\/contact\/#primaryimage"},"thumbnailUrl":"https:\/\/les3roseaux.fr\/wp-content\/plugins\/wpforms-lite\/assets\/images\/submit-spin.svg","datePublished":"2023-10-19T06:04:59+00:00","dateModified":"2025-01-31T13:23:05+00:00","breadcrumb":{"@id":"https:\/\/les3roseaux.fr\/index.php\/contact\/#breadcrumb"},"inLanguage":"fr-FR","potentialAction":[{"@type":"ReadAction","target":["https:\/\/les3roseaux.fr\/index.php\/contact\/"]}]},{"@type":"ImageObject","inLanguage":"fr-FR","@id":"https:\/\/les3roseaux.fr\/index.php\/contact\/#primaryimage","url":"https:\/\/les3roseaux.fr\/wp-content\/plugins\/wpforms-lite\/assets\/images\/submit-spin.svg","contentUrl":"https:\/\/les3roseaux.fr\/wp-content\/plugins\/wpforms-lite\/assets\/images\/submit-spin.svg"},{"@type":"BreadcrumbList","@id":"https:\/\/les3roseaux.fr\/index.php\/contact\/#breadcrumb","itemListElement":[{"@type":"ListItem","position":1,"name":"Accueil","item":"https:\/\/les3roseaux.fr\/"},{"@type":"ListItem","position":2,"name":"Contact"}]},{"@type":"WebSite","@id":"https:\/\/les3roseaux.fr\/#website","url":"https:\/\/les3roseaux.fr\/","name":"PHYTOZENSACH","description":"","publisher":{"@id":"https:\/\/les3roseaux.fr\/#organization"},"potentialAction":[{"@type":"SearchAction","target":{"@type":"EntryPoint","urlTemplate":"https:\/\/les3roseaux.fr\/?s={search_term_string}"},"query-input":{"@type":"PropertyValueSpecification","valueRequired":true,"valueName":"search_term_string"}}],"inLanguage":"fr-FR"},{"@type":"Organization","@id":"https:\/\/les3roseaux.fr\/#organization","name":"PHYTOZENSACH","url":"https:\/\/les3roseaux.fr\/","logo":{"@type":"ImageObject","inLanguage":"fr-FR","@id":"https:\/\/les3roseaux.fr\/#\/schema\/logo\/image\/","url":"https:\/\/les3roseaux.fr\/wp-content\/uploads\/2023\/10\/cropped-logo-fond-blanc.png","contentUrl":"https:\/\/les3roseaux.fr\/wp-content\/uploads\/2023\/10\/cropped-logo-fond-blanc.png","width":512,"height":512,"caption":"PHYTOZENSACH"},"image":{"@id":"https:\/\/les3roseaux.fr\/#\/schema\/logo\/image\/"}}]}},"_links":{"self":[{"href":"https:\/\/les3roseaux.fr\/index.php\/wp-json\/wp\/v2\/pages\/9","targetHints":{"allow":["GET"]}}],"collection":[{"href":"https:\/\/les3roseaux.fr\/index.php\/wp-json\/wp\/v2\/pages"}],"about":[{"href":"https:\/\/les3roseaux.fr\/index.php\/wp-json\/wp\/v2\/types\/page"}],"author":[{"embeddable":true,"href":"https:\/\/les3roseaux.fr\/index.php\/wp-json\/wp\/v2\/users\/1"}],"replies":[{"embeddable":true,"href":"https:\/\/les3roseaux.fr\/index.php\/wp-json\/wp\/v2\/comments?post=9"}],"version-history":[{"count":106,"href":"https:\/\/les3roseaux.fr\/index.php\/wp-json\/wp\/v2\/pages\/9\/revisions"}],"predecessor-version":[{"id":478,"href":"https:\/\/les3roseaux.fr\/index.php\/wp-json\/wp\/v2\/pages\/9\/revisions\/478"}],"wp:attachment":[{"href":"https:\/\/les3roseaux.fr\/index.php\/wp-json\/wp\/v2\/media?parent=9"}],"curies":[{"name":"wp","href":"https:\/\/api.w.org\/{rel}","templated":true}]}}